{"id":3362,"date":"2025-10-22T19:45:25","date_gmt":"2025-10-22T19:45:25","guid":{"rendered":"http:\/\/localhost:8888\/portfolio_david_baghdasaryan\/?page_id=3362"},"modified":"2025-10-31T10:02:11","modified_gmt":"2025-10-31T10:02:11","slug":"politique-de-confidentialite","status":"publish","type":"page","link":"https:\/\/www.david-baghdasaryan.com\/en\/politique-de-confidentialite\/","title":{"rendered":"PRIVACY POLICY"},"content":{"rendered":"<p>[et_pb_section fb_built=\u00a0\u00bb1&Prime; _builder_version=\u00a0\u00bb4.27.4&Prime; _module_preset=\u00a0\u00bbdefault\u00a0\u00bb background_color=\u00a0\u00bb#F2F0EC\u00a0\u00bb hover_enabled=\u00a0\u00bb0&Prime; global_colors_info=\u00a0\u00bb{}\u00a0\u00bb theme_builder_area=\u00a0\u00bbpost_content\u00a0\u00bb custom_margin=\u00a0\u00bb40px||||false|false\u00a0\u00bb sticky_enabled=\u00a0\u00bb0&Prime;][et_pb_row _builder_version=\u00a0\u00bb4.27.4&Prime; _module_preset=\u00a0\u00bbdefault\u00a0\u00bb custom_padding=\u00a0\u00bb0px||0px||false|false\u00a0\u00bb global_colors_info=\u00a0\u00bb{}\u00a0\u00bb theme_builder_area=\u00a0\u00bbpost_content\u00a0\u00bb][et_pb_column type=\u00a0\u00bb4_4&Prime; _builder_version=\u00a0\u00bb4.27.4&Prime; _module_preset=\u00a0\u00bbdefault\u00a0\u00bb global_colors_info=\u00a0\u00bb{}\u00a0\u00bb theme_builder_area=\u00a0\u00bbpost_content\u00a0\u00bb][et_pb_code _builder_version=\u00a0\u00bb4.27.4&Prime; _module_preset=\u00a0\u00bbdefault\u00a0\u00bb global_colors_info=\u00a0\u00bb{}\u00a0\u00bb theme_builder_area=\u00a0\u00bbpost_content\u00a0\u00bb]<\/p>\n<div class=\"et_pb_code_inner\">\n<h2>Data Collected<\/h2>\n<p><!-- [et_pb_line_break_holder] --><pee>The following personal data is collected via the contact form :<\/pee> <!-- [et_pb_line_break_holder] -->    <pee>Name<!\u2013- [et_pb_br_holder] -\u2013><!-- [et_pb_line_break_holder] -->    Email address<!\u2013- [et_pb_br_holder] -\u2013><!-- [et_pb_line_break_holder] -->    Phone number<!\u2013- [et_pb_br_holder] -\u2013><!-- [et_pb_line_break_holder] -->    Subject and content of your message<\/pee> <!-- [et_pb_line_break_holder] --><!\u2013- [et_pb_br_holder] -\u2013><!-- [et_pb_line_break_holder] --><!-- [et_pb_line_break_holder] --><\/p>\n<h2>Use of Data<\/h2>\n<p><!-- [et_pb_line_break_holder] --><pee>This data is used solely to respond to your inquiries and contact you. It will not be sold or shared with third parties for commercial purposes.<\/pee> <!-- [et_pb_line_break_holder] --><!\u2013- [et_pb_br_holder] -\u2013><!-- [et_pb_line_break_holder] -->  <!-- [et_pb_line_break_holder] --><\/p>\n<h2>Data Retention Period<\/h2>\n<p><!-- [et_pb_line_break_holder] --><pee>Data is retained for a maximum of 3 years from your last contact.<\/pee> <!-- [et_pb_line_break_holder] --><!\u2013- [et_pb_br_holder] -\u2013><!-- [et_pb_line_break_holder] -->  <!-- [et_pb_line_break_holder] --><\/p>\n<h2>Security<\/h2>\n<p><!-- [et_pb_line_break_holder] --><pee>We implement appropriate technical and organizational measures to protect your data against unauthorized access, alteration, or disclosure.<\/pee> <!-- [et_pb_line_break_holder] --><!\u2013- [et_pb_br_holder] -\u2013><!-- [et_pb_line_break_holder] -->  <!-- [et_pb_line_break_holder] --><\/p>\n<h2>Your Rights<\/h2>\n<p><!-- [et_pb_line_break_holder] --><pee>Under the General Data Protection Regulation (GDPR), you have the following rights regarding your personal data:<\/pee><!-- [et_pb_line_break_holder] --><\/p>\n<ul style=\"list-style: none;\"><!-- [et_pb_line_break_holder] -->  <\/p>\n<li>Right of access: Obtain a copy of the data I hold about you.<\/li>\n<p><!-- [et_pb_line_break_holder] -->  <\/p>\n<li>Right to rectification: Correct or update your information.<\/li>\n<p><!-- [et_pb_line_break_holder] -->  <\/p>\n<li>Right to erasure: Request the deletion of your data (subject to legal obligations).<\/li>\n<p><!-- [et_pb_line_break_holder] -->  <\/p>\n<li>Right to object: Refuse the processing of your data in certain cases.<\/li>\n<p><!-- [et_pb_line_break_holder] -->  <\/p>\n<li>Right to data portability: Receive your data in a structured format.<\/li>\n<p><!-- [et_pb_line_break_holder] --><\/ul>\n<p><!-- [et_pb_line_break_holder] -->  <pee>To exercise these rights, you can contact me at : <a href=\"mailto:david.baghdasaryan@yahoo.fr\"><strong>david.baghdasaryan@yahoo.fr<\/strong><\/a><\/pee><!-- [et_pb_line_break_holder] --><!\u2013- [et_pb_br_holder] -\u2013><!-- [et_pb_line_break_holder] -->  <!-- [et_pb_line_break_holder] --><\/p>\n<h2>Cookies<\/h2>\n<p><!-- [et_pb_line_break_holder] --><pee>This website uses only essential cookies required for its operation. No tracking or advertising cookies are currently used.<\/pee> <!-- [et_pb_line_break_holder] --><\/div>\n<p>[\/et_pb_code][\/et_pb_column][\/et_pb_row][\/et_pb_section]<\/p>","protected":false},"excerpt":{"rendered":"<p>This page explains how we collect, use, and protect your personal data when you use this website, in compliance with applicable regulations.<\/p>","protected":false},"author":1,"featured_media":0,"parent":0,"menu_order":0,"comment_status":"closed","ping_status":"closed","template":"","meta":{"_et_pb_use_builder":"on","_et_pb_old_content":"<!-- wp:divi\/placeholder \/-->","_et_gb_content_width":"","footnotes":""},"class_list":["post-3362","page","type-page","status-publish","hentry"],"yoast_head":"<!-- This site is optimized with the Yoast SEO plugin v26.4 - https:\/\/yoast.com\/wordpress\/plugins\/seo\/ -->\n<title>POLITIQUE DE CONFIDENTIALIT\u00c9 - David Baghdasaryan<\/title>\n<meta name=\"robots\" content=\"index, follow, max-snippet:-1, max-image-preview:large, max-video-preview:-1\" \/>\n<link rel=\"canonical\" href=\"https:\/\/www.david-baghdasaryan.com\/en\/politique-de-confidentialite\/\" \/>\n<meta property=\"og:locale\" content=\"en_GB\" \/>\n<meta property=\"og:type\" content=\"article\" \/>\n<meta property=\"og:title\" content=\"POLITIQUE DE CONFIDENTIALIT\u00c9 - David Baghdasaryan\" \/>\n<meta property=\"og:description\" content=\"Cette page explique comment nous recueillons, utilisons et prot\u00e9geons vos donn\u00e9es personnelles lorsque vous utilisez ce site, conform\u00e9ment \u00e0 la r\u00e9glementation en vigueur.\" \/>\n<meta property=\"og:url\" content=\"https:\/\/www.david-baghdasaryan.com\/en\/politique-de-confidentialite\/\" \/>\n<meta property=\"og:site_name\" content=\"David Baghdasaryan\" \/>\n<meta property=\"article:publisher\" content=\"https:\/\/www.facebook.com\/david.baghdasar\" \/>\n<meta property=\"article:modified_time\" content=\"2025-10-31T10:02:11+00:00\" \/>\n<meta name=\"twitter:card\" content=\"summary_large_image\" \/>\n<meta name=\"twitter:label1\" content=\"Estimated reading time\" \/>\n\t<meta name=\"twitter:data1\" content=\"2 minutes\" \/>\n<script type=\"application\/ld+json\" class=\"yoast-schema-graph\">{\"@context\":\"https:\/\/schema.org\",\"@graph\":[{\"@type\":\"WebPage\",\"@id\":\"https:\/\/www.david-baghdasaryan.com\/politique-de-confidentialite\/\",\"url\":\"https:\/\/www.david-baghdasaryan.com\/politique-de-confidentialite\/\",\"name\":\"POLITIQUE DE CONFIDENTIALIT\u00c9 - David Baghdasaryan\",\"isPartOf\":{\"@id\":\"https:\/\/www.david-baghdasaryan.com\/#website\"},\"datePublished\":\"2025-10-22T19:45:25+00:00\",\"dateModified\":\"2025-10-31T10:02:11+00:00\",\"breadcrumb\":{\"@id\":\"https:\/\/www.david-baghdasaryan.com\/politique-de-confidentialite\/#breadcrumb\"},\"inLanguage\":\"en-GB\",\"potentialAction\":[{\"@type\":\"ReadAction\",\"target\":[\"https:\/\/www.david-baghdasaryan.com\/politique-de-confidentialite\/\"]}]},{\"@type\":\"BreadcrumbList\",\"@id\":\"https:\/\/www.david-baghdasaryan.com\/politique-de-confidentialite\/#breadcrumb\",\"itemListElement\":[{\"@type\":\"ListItem\",\"position\":1,\"name\":\"Accueil\",\"item\":\"https:\/\/www.david-baghdasaryan.com\/\"},{\"@type\":\"ListItem\",\"position\":2,\"name\":\"POLITIQUE DE CONFIDENTIALIT\u00c9\"}]},{\"@type\":\"WebSite\",\"@id\":\"https:\/\/www.david-baghdasaryan.com\/#website\",\"url\":\"https:\/\/www.david-baghdasaryan.com\/\",\"name\":\"David Baghdasaryan \u2013 Photographe portraitiste\",\"description\":\"David Baghdasaryan - Photographe portrait &amp; Nu artistique\",\"publisher\":{\"@id\":\"https:\/\/www.david-baghdasaryan.com\/#\/schema\/person\/fa1f5e33b2215adcbbc159dbd9f7b2a4\"},\"alternateName\":\"Photographe portraitiste\",\"potentialAction\":[{\"@type\":\"SearchAction\",\"target\":{\"@type\":\"EntryPoint\",\"urlTemplate\":\"https:\/\/www.david-baghdasaryan.com\/?s={search_term_string}\"},\"query-input\":{\"@type\":\"PropertyValueSpecification\",\"valueRequired\":true,\"valueName\":\"search_term_string\"}}],\"inLanguage\":\"en-GB\"},{\"@type\":[\"Person\",\"Organization\"],\"@id\":\"https:\/\/www.david-baghdasaryan.com\/#\/schema\/person\/fa1f5e33b2215adcbbc159dbd9f7b2a4\",\"name\":\"David Baghdasaryan\",\"image\":{\"@type\":\"ImageObject\",\"inLanguage\":\"en-GB\",\"@id\":\"https:\/\/www.david-baghdasaryan.com\/#\/schema\/person\/image\/\",\"url\":\"https:\/\/secure.gravatar.com\/avatar\/92bf917cf0defd5d49bf798cebb3cc362c83e5f0d59bc15c848062171ce15912?s=96&d=mm&r=g\",\"contentUrl\":\"https:\/\/secure.gravatar.com\/avatar\/92bf917cf0defd5d49bf798cebb3cc362c83e5f0d59bc15c848062171ce15912?s=96&d=mm&r=g\",\"caption\":\"David Baghdasaryan\"},\"logo\":{\"@id\":\"https:\/\/www.david-baghdasaryan.com\/#\/schema\/person\/image\/\"},\"sameAs\":[\"https:\/\/www.facebook.com\/david.baghdasar\",\"http:\/\/localhost:8888\/portfolio_david_baghdasaryan\/contact\/#\",\"https:\/\/www.linkedin.com\/in\/david-baghdasaryan-ab36501b1\/\"]}]}<\/script>\n<!-- \/ Yoast SEO plugin. -->","yoast_head_json":{"title":"POLITIQUE DE CONFIDENTIALIT\u00c9 - David Baghdasaryan","robots":{"index":"index","follow":"follow","max-snippet":"max-snippet:-1","max-image-preview":"max-image-preview:large","max-video-preview":"max-video-preview:-1"},"canonical":"https:\/\/www.david-baghdasaryan.com\/en\/politique-de-confidentialite\/","og_locale":"en_GB","og_type":"article","og_title":"POLITIQUE DE CONFIDENTIALIT\u00c9 - David Baghdasaryan","og_description":"Cette page explique comment nous recueillons, utilisons et prot\u00e9geons vos donn\u00e9es personnelles lorsque vous utilisez ce site, conform\u00e9ment \u00e0 la r\u00e9glementation en vigueur.","og_url":"https:\/\/www.david-baghdasaryan.com\/en\/politique-de-confidentialite\/","og_site_name":"David Baghdasaryan","article_publisher":"https:\/\/www.facebook.com\/david.baghdasar","article_modified_time":"2025-10-31T10:02:11+00:00","twitter_card":"summary_large_image","twitter_misc":{"Estimated reading time":"2 minutes"},"schema":{"@context":"https:\/\/schema.org","@graph":[{"@type":"WebPage","@id":"https:\/\/www.david-baghdasaryan.com\/politique-de-confidentialite\/","url":"https:\/\/www.david-baghdasaryan.com\/politique-de-confidentialite\/","name":"POLITIQUE DE CONFIDENTIALIT\u00c9 - David Baghdasaryan","isPartOf":{"@id":"https:\/\/www.david-baghdasaryan.com\/#website"},"datePublished":"2025-10-22T19:45:25+00:00","dateModified":"2025-10-31T10:02:11+00:00","breadcrumb":{"@id":"https:\/\/www.david-baghdasaryan.com\/politique-de-confidentialite\/#breadcrumb"},"inLanguage":"en-GB","potentialAction":[{"@type":"ReadAction","target":["https:\/\/www.david-baghdasaryan.com\/politique-de-confidentialite\/"]}]},{"@type":"BreadcrumbList","@id":"https:\/\/www.david-baghdasaryan.com\/politique-de-confidentialite\/#breadcrumb","itemListElement":[{"@type":"ListItem","position":1,"name":"Accueil","item":"https:\/\/www.david-baghdasaryan.com\/"},{"@type":"ListItem","position":2,"name":"POLITIQUE DE CONFIDENTIALIT\u00c9"}]},{"@type":"WebSite","@id":"https:\/\/www.david-baghdasaryan.com\/#website","url":"https:\/\/www.david-baghdasaryan.com\/","name":"David Baghdasaryan \u2013 Photographe portraitiste","description":"David Baghdasaryan - Photographe portrait &amp; Nu artistique","publisher":{"@id":"https:\/\/www.david-baghdasaryan.com\/#\/schema\/person\/fa1f5e33b2215adcbbc159dbd9f7b2a4"},"alternateName":"Photographe portraitiste","potentialAction":[{"@type":"SearchAction","target":{"@type":"EntryPoint","urlTemplate":"https:\/\/www.david-baghdasaryan.com\/?s={search_term_string}"},"query-input":{"@type":"PropertyValueSpecification","valueRequired":true,"valueName":"search_term_string"}}],"inLanguage":"en-GB"},{"@type":["Person","Organization"],"@id":"https:\/\/www.david-baghdasaryan.com\/#\/schema\/person\/fa1f5e33b2215adcbbc159dbd9f7b2a4","name":"David Baghdasaryan","image":{"@type":"ImageObject","inLanguage":"en-GB","@id":"https:\/\/www.david-baghdasaryan.com\/#\/schema\/person\/image\/","url":"https:\/\/secure.gravatar.com\/avatar\/92bf917cf0defd5d49bf798cebb3cc362c83e5f0d59bc15c848062171ce15912?s=96&d=mm&r=g","contentUrl":"https:\/\/secure.gravatar.com\/avatar\/92bf917cf0defd5d49bf798cebb3cc362c83e5f0d59bc15c848062171ce15912?s=96&d=mm&r=g","caption":"David Baghdasaryan"},"logo":{"@id":"https:\/\/www.david-baghdasaryan.com\/#\/schema\/person\/image\/"},"sameAs":["https:\/\/www.facebook.com\/david.baghdasar","http:\/\/localhost:8888\/portfolio_david_baghdasaryan\/contact\/#","https:\/\/www.linkedin.com\/in\/david-baghdasaryan-ab36501b1\/"]}]}},"_links":{"self":[{"href":"https:\/\/www.david-baghdasaryan.com\/en\/wp-json\/wp\/v2\/pages\/3362","targetHints":{"allow":["GET"]}}],"collection":[{"href":"https:\/\/www.david-baghdasaryan.com\/en\/wp-json\/wp\/v2\/pages"}],"about":[{"href":"https:\/\/www.david-baghdasaryan.com\/en\/wp-json\/wp\/v2\/types\/page"}],"author":[{"embeddable":true,"href":"https:\/\/www.david-baghdasaryan.com\/en\/wp-json\/wp\/v2\/users\/1"}],"replies":[{"embeddable":true,"href":"https:\/\/www.david-baghdasaryan.com\/en\/wp-json\/wp\/v2\/comments?post=3362"}],"version-history":[{"count":9,"href":"https:\/\/www.david-baghdasaryan.com\/en\/wp-json\/wp\/v2\/pages\/3362\/revisions"}],"predecessor-version":[{"id":4490,"href":"https:\/\/www.david-baghdasaryan.com\/en\/wp-json\/wp\/v2\/pages\/3362\/revisions\/4490"}],"wp:attachment":[{"href":"https:\/\/www.david-baghdasaryan.com\/en\/wp-json\/wp\/v2\/media?parent=3362"}],"curies":[{"name":"wp","href":"https:\/\/api.w.org\/{rel}","templated":true}]}}