{"id":3364,"date":"2025-10-22T19:45:52","date_gmt":"2025-10-22T19:45:52","guid":{"rendered":"http:\/\/localhost:8888\/portfolio_david_baghdasaryan\/?page_id=3364"},"modified":"2025-10-31T10:02:13","modified_gmt":"2025-10-31T10:02:13","slug":"mentions-legales","status":"publish","type":"page","link":"https:\/\/www.david-baghdasaryan.com\/en\/mentions-legales\/","title":{"rendered":"LEGAL NOTICES"},"content":{"rendered":"<p>[et_pb_section fb_built=\u00a0\u00bb1&Prime; _builder_version=\u00a0\u00bb4.27.4&Prime; _module_preset=\u00a0\u00bbdefault\u00a0\u00bb background_color=\u00a0\u00bb#F2F0EC\u00a0\u00bb hover_enabled=\u00a0\u00bb0&Prime; global_colors_info=\u00a0\u00bb{}\u00a0\u00bb theme_builder_area=\u00a0\u00bbpost_content\u00a0\u00bb custom_margin=\u00a0\u00bb40px||||false|false\u00a0\u00bb sticky_enabled=\u00a0\u00bb0&Prime;][et_pb_row _builder_version=\u00a0\u00bb4.27.4&Prime; _module_preset=\u00a0\u00bbdefault\u00a0\u00bb global_colors_info=\u00a0\u00bb{}\u00a0\u00bb theme_builder_area=\u00a0\u00bbpost_content\u00a0\u00bb][et_pb_column type=\u00a0\u00bb4_4&Prime; _builder_version=\u00a0\u00bb4.27.4&Prime; _module_preset=\u00a0\u00bbdefault\u00a0\u00bb global_colors_info=\u00a0\u00bb{}\u00a0\u00bb theme_builder_area=\u00a0\u00bbpost_content\u00a0\u00bb][et_pb_code _builder_version=\u00a0\u00bb4.27.4&Prime; _module_preset=\u00a0\u00bbdefault\u00a0\u00bb global_colors_info=\u00a0\u00bb{}\u00a0\u00bb theme_builder_area=\u00a0\u00bbpost_content\u00a0\u00bb]<\/p>\n<div class=\"et_pb_module et_pb_code et_pb_code_0\">\t\t<!-- [et_pb_line_break_holder] -->  <\/p>\n<div class=\"et_pb_code_inner\"><!-- [et_pb_line_break_holder] --><!-- [et_pb_line_break_holder] -->    <\/p>\n<h2 class=\"wp-block-heading\">Website Publisher<\/h2>\n<p><!-- [et_pb_line_break_holder] -->    <pee><!-- [et_pb_line_break_holder] -->      David Baghdasaryan<!\u2013- [et_pb_br_holder] -\u2013><!-- [et_pb_line_break_holder] -->      Profession: Photographer<!\u2013- [et_pb_br_holder] -\u2013><!-- [et_pb_line_break_holder] -->      Adresse : 1 Rue Du Tour De L&rsquo;\u00c9tang, 92350 Le Plessis-Robinson<!\u2013- [et_pb_br_holder] -\u2013><!-- [et_pb_line_break_holder] -->      T\u00e9l\u00e9phone : (+33) 6 13 44 82 06<!\u2013- [et_pb_br_holder] -\u2013><!-- [et_pb_line_break_holder] -->      Email : <a href=\"mailto:david.baghdasaryan@yahoo.fr\">david.baghdasaryan@yahoo.fr<\/a><!\u2013- [et_pb_br_holder] -\u2013><!-- [et_pb_line_break_holder] -->      N\u00b0 SIREN : <!\u2013- [et_pb_br_holder] -\u2013><!-- [et_pb_line_break_holder] -->      Code APE :<!-- [et_pb_line_break_holder] -->    <\/pee><!-- [et_pb_line_break_holder] -->    <!\u2013- [et_pb_br_holder] -\u2013><!-- [et_pb_line_break_holder] --><!-- [et_pb_line_break_holder] -->    <\/p>\n<h2 class=\"wp-block-heading\">H\u00e9bergement<\/h2>\n<p><!-- [et_pb_line_break_holder] -->    <pee><!-- [et_pb_line_break_holder] -->      This website is hosted by : OVH<!\u2013- [et_pb_br_holder] -\u2013><!-- [et_pb_line_break_holder] -->      Hosting provider address : 2 Rue Kellermann, 59100 Roubaix, France<!\u2013- [et_pb_br_holder] -\u2013><!-- [et_pb_line_break_holder] -->      Hosting provider phone : (+33) 9 72 10 10 07<!\u2013- [et_pb_br_holder] -\u2013><!-- [et_pb_line_break_holder] -->      Hosting provider website : www.ovh.com<!-- [et_pb_line_break_holder] -->    <\/pee><!-- [et_pb_line_break_holder] -->    <!\u2013- [et_pb_br_holder] -\u2013><!-- [et_pb_line_break_holder] --><!-- [et_pb_line_break_holder] -->    <\/p>\n<h2 class=\"wp-block-heading\">Liability<\/h2>\n<p><!-- [et_pb_line_break_holder] -->    <pee><!-- [et_pb_line_break_holder] -->      David Baghdasaryan met tout en \u0153uvre pour assurer l\u2019exactitude et la mise \u00e0 jour des informations diffus\u00e9es sur ce site. <!-- [et_pb_line_break_holder] -->      Toutefois, il ne saurait \u00eatre tenu responsable des erreurs ou omissions, ni des dommages r\u00e9sultant de l\u2019utilisation du site <!-- [et_pb_line_break_holder] -->      ou de sites externes li\u00e9s.<!-- [et_pb_line_break_holder] -->    <\/pee><!-- [et_pb_line_break_holder] -->    <!\u2013- [et_pb_br_holder] -\u2013><!-- [et_pb_line_break_holder] --><!-- [et_pb_line_break_holder] -->    <\/p>\n<h2 class=\"wp-block-heading\">Intellectual Property<\/h2>\n<p><!-- [et_pb_line_break_holder] -->    <pee><!-- [et_pb_line_break_holder] -->      Tous les contenus (textes, images, vid\u00e9os, logos) pr\u00e9sents sur ce site sont la propri\u00e9t\u00e9 exclusive de David Baghdasaryan <!-- [et_pb_line_break_holder] -->      ou de leurs auteurs respectifs. Toute reproduction, repr\u00e9sentation, modification ou diffusion, totale ou partielle, <!-- [et_pb_line_break_holder] -->      est strictement interdite sans autorisation \u00e9crite pr\u00e9alable.<!-- [et_pb_line_break_holder] -->    <\/pee><!-- [et_pb_line_break_holder] -->    <!\u2013- [et_pb_br_holder] -\u2013><!-- [et_pb_line_break_holder] --><!-- [et_pb_line_break_holder] -->    <\/p>\n<h2 class=\"wp-block-heading\">Personal Data<\/h2>\n<p><!-- [et_pb_line_break_holder] -->    <pee><!-- [et_pb_line_break_holder] -->      Les informations recueillies via les formulaires de contact sont utilis\u00e9es uniquement dans le cadre des \u00e9changes avec <!-- [et_pb_line_break_holder] -->      David Baghdasaryan. Conform\u00e9ment \u00e0 la loi Informatique et Libert\u00e9s, vous disposez d\u2019un droit d\u2019acc\u00e8s, de rectification <!-- [et_pb_line_break_holder] -->      et de suppression des donn\u00e9es vous concernant.<!-- [et_pb_line_break_holder] -->    <\/pee><!-- [et_pb_line_break_holder] -->    <!\u2013- [et_pb_br_holder] -\u2013><!-- [et_pb_line_break_holder] --><!-- [et_pb_line_break_holder] -->    <\/p>\n<h2 class=\"wp-block-heading\">Photographs<\/h2>\n<p><!-- [et_pb_line_break_holder] -->    <pee><!-- [et_pb_line_break_holder] -->      Unless otherwise stated, all photographs presented on this website were taken by David Baghdasaryan.<!-- [et_pb_line_break_holder] -->    <\/pee><!-- [et_pb_line_break_holder] -->    <!\u2013- [et_pb_br_holder] -\u2013><!-- [et_pb_line_break_holder] --><!-- [et_pb_line_break_holder] -->    <\/p>\n<h2 class=\"wp-block-heading\">Website Design and Development<\/h2>\n<p class=\"translation-block\">Website designed and developed by <a href=\"https:\/\/soniatorres.com\" target=\"_blank\" rel=\"noopener noreferrer\">sonia-torres.com<\/a>. Any unauthorized reproduction, modification, or use of the design, code, or content of this website is strictly prohibited.<\/div>\n<p><!-- [et_pb_line_break_holder] --><\/div>\n<p><!-- [et_pb_line_break_holder] -->[\/et_pb_code][\/et_pb_column][\/et_pb_row][\/et_pb_section]<\/p>","protected":false},"excerpt":{"rendered":"<p>This website is published and operated by David Baghdasaryan. Here you will find all the legal information relating to the publisher, hosting, and design of the site.<\/p>","protected":false},"author":1,"featured_media":0,"parent":0,"menu_order":0,"comment_status":"closed","ping_status":"closed","template":"","meta":{"_et_pb_use_builder":"on","_et_pb_old_content":"<!-- wp:divi\/placeholder \/-->","_et_gb_content_width":"","footnotes":""},"class_list":["post-3364","page","type-page","status-publish","hentry"],"yoast_head":"<!-- This site is optimized with the Yoast SEO plugin v26.4 - https:\/\/yoast.com\/wordpress\/plugins\/seo\/ -->\n<title>MENTIONS L\u00c9GALES - David Baghdasaryan<\/title>\n<meta name=\"description\" content=\"D\u00e9couvrez les mentions l\u00e9gales du site de David Baghdasaryan, un photographe portraitiste et nu artistique.\" \/>\n<meta name=\"robots\" content=\"index, follow, max-snippet:-1, max-image-preview:large, max-video-preview:-1\" \/>\n<link rel=\"canonical\" href=\"https:\/\/david-baghdasaryan.com\/mentions-legales\" \/>\n<meta property=\"og:locale\" content=\"en_GB\" \/>\n<meta property=\"og:type\" content=\"article\" \/>\n<meta property=\"og:title\" content=\"MENTIONS L\u00c9GALES - David Baghdasaryan\" \/>\n<meta property=\"og:description\" content=\"D\u00e9couvrez les mentions l\u00e9gales du site de David Baghdasaryan, un photographe portraitiste et nu artistique.\" \/>\n<meta property=\"og:url\" content=\"https:\/\/david-baghdasaryan.com\/mentions-legales\" \/>\n<meta property=\"og:site_name\" content=\"David Baghdasaryan\" \/>\n<meta property=\"article:publisher\" content=\"https:\/\/www.facebook.com\/david.baghdasar\" \/>\n<meta property=\"article:modified_time\" content=\"2025-10-31T10:02:13+00:00\" \/>\n<meta name=\"twitter:card\" content=\"summary_large_image\" \/>\n<meta name=\"twitter:label1\" content=\"Estimated reading time\" \/>\n\t<meta name=\"twitter:data1\" content=\"2 minutes\" \/>\n<script type=\"application\/ld+json\" class=\"yoast-schema-graph\">{\"@context\":\"https:\/\/schema.org\",\"@graph\":[{\"@type\":\"WebPage\",\"@id\":\"https:\/\/www.david-baghdasaryan.com\/mentions-legales\/\",\"url\":\"https:\/\/david-baghdasaryan.com\/mentions-legales\",\"name\":\"MENTIONS L\u00c9GALES - David Baghdasaryan\",\"isPartOf\":{\"@id\":\"https:\/\/www.david-baghdasaryan.com\/#website\"},\"datePublished\":\"2025-10-22T19:45:52+00:00\",\"dateModified\":\"2025-10-31T10:02:13+00:00\",\"description\":\"D\u00e9couvrez les mentions l\u00e9gales du site de David Baghdasaryan, un photographe portraitiste et nu artistique.\",\"breadcrumb\":{\"@id\":\"https:\/\/david-baghdasaryan.com\/mentions-legales#breadcrumb\"},\"inLanguage\":\"en-GB\",\"potentialAction\":[{\"@type\":\"ReadAction\",\"target\":[\"https:\/\/david-baghdasaryan.com\/mentions-legales\"]}]},{\"@type\":\"BreadcrumbList\",\"@id\":\"https:\/\/david-baghdasaryan.com\/mentions-legales#breadcrumb\",\"itemListElement\":[{\"@type\":\"ListItem\",\"position\":1,\"name\":\"Accueil\",\"item\":\"https:\/\/www.david-baghdasaryan.com\/\"},{\"@type\":\"ListItem\",\"position\":2,\"name\":\"Mentions l\u00e9gales\"}]},{\"@type\":\"WebSite\",\"@id\":\"https:\/\/www.david-baghdasaryan.com\/#website\",\"url\":\"https:\/\/www.david-baghdasaryan.com\/\",\"name\":\"David Baghdasaryan \u2013 Photographe portraitiste\",\"description\":\"David Baghdasaryan - Photographe portrait &amp; Nu artistique\",\"publisher\":{\"@id\":\"https:\/\/www.david-baghdasaryan.com\/#\/schema\/person\/fa1f5e33b2215adcbbc159dbd9f7b2a4\"},\"alternateName\":\"Photographe portraitiste\",\"potentialAction\":[{\"@type\":\"SearchAction\",\"target\":{\"@type\":\"EntryPoint\",\"urlTemplate\":\"https:\/\/www.david-baghdasaryan.com\/?s={search_term_string}\"},\"query-input\":{\"@type\":\"PropertyValueSpecification\",\"valueRequired\":true,\"valueName\":\"search_term_string\"}}],\"inLanguage\":\"en-GB\"},{\"@type\":[\"Person\",\"Organization\"],\"@id\":\"https:\/\/www.david-baghdasaryan.com\/#\/schema\/person\/fa1f5e33b2215adcbbc159dbd9f7b2a4\",\"name\":\"David Baghdasaryan\",\"image\":{\"@type\":\"ImageObject\",\"inLanguage\":\"en-GB\",\"@id\":\"https:\/\/www.david-baghdasaryan.com\/#\/schema\/person\/image\/\",\"url\":\"https:\/\/secure.gravatar.com\/avatar\/92bf917cf0defd5d49bf798cebb3cc362c83e5f0d59bc15c848062171ce15912?s=96&d=mm&r=g\",\"contentUrl\":\"https:\/\/secure.gravatar.com\/avatar\/92bf917cf0defd5d49bf798cebb3cc362c83e5f0d59bc15c848062171ce15912?s=96&d=mm&r=g\",\"caption\":\"David Baghdasaryan\"},\"logo\":{\"@id\":\"https:\/\/www.david-baghdasaryan.com\/#\/schema\/person\/image\/\"},\"sameAs\":[\"https:\/\/www.facebook.com\/david.baghdasar\",\"http:\/\/localhost:8888\/portfolio_david_baghdasaryan\/contact\/#\",\"https:\/\/www.linkedin.com\/in\/david-baghdasaryan-ab36501b1\/\"]}]}<\/script>\n<!-- \/ Yoast SEO plugin. -->","yoast_head_json":{"title":"MENTIONS L\u00c9GALES - David Baghdasaryan","description":"D\u00e9couvrez les mentions l\u00e9gales du site de David Baghdasaryan, un photographe portraitiste et nu artistique.","robots":{"index":"index","follow":"follow","max-snippet":"max-snippet:-1","max-image-preview":"max-image-preview:large","max-video-preview":"max-video-preview:-1"},"canonical":"https:\/\/david-baghdasaryan.com\/mentions-legales","og_locale":"en_GB","og_type":"article","og_title":"MENTIONS L\u00c9GALES - David Baghdasaryan","og_description":"D\u00e9couvrez les mentions l\u00e9gales du site de David Baghdasaryan, un photographe portraitiste et nu artistique.","og_url":"https:\/\/david-baghdasaryan.com\/mentions-legales","og_site_name":"David Baghdasaryan","article_publisher":"https:\/\/www.facebook.com\/david.baghdasar","article_modified_time":"2025-10-31T10:02:13+00:00","twitter_card":"summary_large_image","twitter_misc":{"Estimated reading time":"2 minutes"},"schema":{"@context":"https:\/\/schema.org","@graph":[{"@type":"WebPage","@id":"https:\/\/www.david-baghdasaryan.com\/mentions-legales\/","url":"https:\/\/david-baghdasaryan.com\/mentions-legales","name":"MENTIONS L\u00c9GALES - David Baghdasaryan","isPartOf":{"@id":"https:\/\/www.david-baghdasaryan.com\/#website"},"datePublished":"2025-10-22T19:45:52+00:00","dateModified":"2025-10-31T10:02:13+00:00","description":"D\u00e9couvrez les mentions l\u00e9gales du site de David Baghdasaryan, un photographe portraitiste et nu artistique.","breadcrumb":{"@id":"https:\/\/david-baghdasaryan.com\/mentions-legales#breadcrumb"},"inLanguage":"en-GB","potentialAction":[{"@type":"ReadAction","target":["https:\/\/david-baghdasaryan.com\/mentions-legales"]}]},{"@type":"BreadcrumbList","@id":"https:\/\/david-baghdasaryan.com\/mentions-legales#breadcrumb","itemListElement":[{"@type":"ListItem","position":1,"name":"Accueil","item":"https:\/\/www.david-baghdasaryan.com\/"},{"@type":"ListItem","position":2,"name":"Mentions l\u00e9gales"}]},{"@type":"WebSite","@id":"https:\/\/www.david-baghdasaryan.com\/#website","url":"https:\/\/www.david-baghdasaryan.com\/","name":"David Baghdasaryan \u2013 Photographe portraitiste","description":"David Baghdasaryan - Photographe portrait &amp; Nu artistique","publisher":{"@id":"https:\/\/www.david-baghdasaryan.com\/#\/schema\/person\/fa1f5e33b2215adcbbc159dbd9f7b2a4"},"alternateName":"Photographe portraitiste","potentialAction":[{"@type":"SearchAction","target":{"@type":"EntryPoint","urlTemplate":"https:\/\/www.david-baghdasaryan.com\/?s={search_term_string}"},"query-input":{"@type":"PropertyValueSpecification","valueRequired":true,"valueName":"search_term_string"}}],"inLanguage":"en-GB"},{"@type":["Person","Organization"],"@id":"https:\/\/www.david-baghdasaryan.com\/#\/schema\/person\/fa1f5e33b2215adcbbc159dbd9f7b2a4","name":"David Baghdasaryan","image":{"@type":"ImageObject","inLanguage":"en-GB","@id":"https:\/\/www.david-baghdasaryan.com\/#\/schema\/person\/image\/","url":"https:\/\/secure.gravatar.com\/avatar\/92bf917cf0defd5d49bf798cebb3cc362c83e5f0d59bc15c848062171ce15912?s=96&d=mm&r=g","contentUrl":"https:\/\/secure.gravatar.com\/avatar\/92bf917cf0defd5d49bf798cebb3cc362c83e5f0d59bc15c848062171ce15912?s=96&d=mm&r=g","caption":"David Baghdasaryan"},"logo":{"@id":"https:\/\/www.david-baghdasaryan.com\/#\/schema\/person\/image\/"},"sameAs":["https:\/\/www.facebook.com\/david.baghdasar","http:\/\/localhost:8888\/portfolio_david_baghdasaryan\/contact\/#","https:\/\/www.linkedin.com\/in\/david-baghdasaryan-ab36501b1\/"]}]}},"_links":{"self":[{"href":"https:\/\/www.david-baghdasaryan.com\/en\/wp-json\/wp\/v2\/pages\/3364","targetHints":{"allow":["GET"]}}],"collection":[{"href":"https:\/\/www.david-baghdasaryan.com\/en\/wp-json\/wp\/v2\/pages"}],"about":[{"href":"https:\/\/www.david-baghdasaryan.com\/en\/wp-json\/wp\/v2\/types\/page"}],"author":[{"embeddable":true,"href":"https:\/\/www.david-baghdasaryan.com\/en\/wp-json\/wp\/v2\/users\/1"}],"replies":[{"embeddable":true,"href":"https:\/\/www.david-baghdasaryan.com\/en\/wp-json\/wp\/v2\/comments?post=3364"}],"version-history":[{"count":12,"href":"https:\/\/www.david-baghdasaryan.com\/en\/wp-json\/wp\/v2\/pages\/3364\/revisions"}],"predecessor-version":[{"id":4487,"href":"https:\/\/www.david-baghdasaryan.com\/en\/wp-json\/wp\/v2\/pages\/3364\/revisions\/4487"}],"wp:attachment":[{"href":"https:\/\/www.david-baghdasaryan.com\/en\/wp-json\/wp\/v2\/media?parent=3364"}],"curies":[{"name":"wp","href":"https:\/\/api.w.org\/{rel}","templated":true}]}}