{"id":3366,"date":"2025-10-22T19:46:03","date_gmt":"2025-10-22T19:46:03","guid":{"rendered":"http:\/\/localhost:8888\/portfolio_david_baghdasaryan\/?page_id=3366"},"modified":"2025-10-31T09:58:36","modified_gmt":"2025-10-31T09:58:36","slug":"politique-cookies","status":"publish","type":"page","link":"https:\/\/www.david-baghdasaryan.com\/en\/politique-cookies\/","title":{"rendered":"Cookie Policy"},"content":{"rendered":"<p>[et_pb_section fb_built=\u00a0\u00bb1&Prime; _builder_version=\u00a0\u00bb4.27.4&Prime; _module_preset=\u00a0\u00bbdefault\u00a0\u00bb background_color=\u00a0\u00bb#F2F0EC\u00a0\u00bb hover_enabled=\u00a0\u00bb0&Prime; global_colors_info=\u00a0\u00bb{}\u00a0\u00bb theme_builder_area=\u00a0\u00bbpost_content\u00a0\u00bb sticky_enabled=\u00a0\u00bb0&Prime;][et_pb_row _builder_version=\u00a0\u00bb4.27.4&Prime; _module_preset=\u00a0\u00bbdefault\u00a0\u00bb width=\u00a0\u00bb60%\u00a0\u00bb module_alignment=\u00a0\u00bbcenter\u00a0\u00bb global_colors_info=\u00a0\u00bb{}\u00a0\u00bb theme_builder_area=\u00a0\u00bbpost_content\u00a0\u00bb][et_pb_column type=\u00a0\u00bb4_4&Prime; _builder_version=\u00a0\u00bb4.27.4&Prime; _module_preset=\u00a0\u00bbdefault\u00a0\u00bb global_colors_info=\u00a0\u00bb{}\u00a0\u00bb theme_builder_area=\u00a0\u00bbpost_content\u00a0\u00bb][et_pb_code admin_label=\u00a0\u00bbCode\u00a0\u00bb _builder_version=\u00a0\u00bb4.27.4&Prime; _module_preset=\u00a0\u00bbdefault\u00a0\u00bb global_colors_info=\u00a0\u00bb{}\u00a0\u00bb theme_builder_area=\u00a0\u00bbpost_content\u00a0\u00bb]<\/p>\n<h2>What is a cookie?<\/h2>\n<p><!-- [et_pb_line_break_holder] -->  <pee>A cookie is a small text file placed on your computer or mobile device when you visit a website. It helps facilitate navigation and enhances your user experience.<\/pee><!-- [et_pb_line_break_holder] --><!-- [et_pb_line_break_holder] --><\/p>\n<h2>Cookies used on this website<\/h2>\n<p><!-- [et_pb_line_break_holder] -->  <pee>This website only uses cookies that are strictly necessary for its proper operation, particularly for managing browsing sessions.<!\u2013- [et_pb_br_holder] -\u2013><!-- [et_pb_line_break_holder] -->  Ces cookies sont essentiels pour vous permettre de naviguer sur le site et d\u2019utiliser ses fonctionnalit\u00e9s de base (ex : acc\u00e8s aux pages s\u00e9curis\u00e9es, m\u00e9morisation des pr\u00e9f\u00e9rences linguistiques).<!\u2013- [et_pb_br_holder] -\u2013><!-- [et_pb_line_break_holder] -->  Aucun cookie de suivi ou publicitaire n\u2019est install\u00e9.<\/pee><!-- [et_pb_line_break_holder] --><!-- [et_pb_line_break_holder] --><\/p>\n<h2>Consent<\/h2>\n<p><!-- [et_pb_line_break_holder] -->  <pee>In accordance with current regulations, when you first visit this site, a banner informs you about the use of cookies.<!\u2013- [et_pb_br_holder] -\u2013><!-- [et_pb_line_break_holder] -->  Strictly necessary cookies do not require your explicit consent under the GDPR. By continuing to browse this site, you agree to their use.<\/pee><!-- [et_pb_line_break_holder] --><!-- [et_pb_line_break_holder] --><\/p>\n<h2>Managing cookies<\/h2>\n<p><!-- [et_pb_line_break_holder] -->  <pee>You can modify your browser settings at any time to refuse or delete cookies. However, some features of the website may no longer function correctly.<\/pee><!-- [et_pb_line_break_holder] --><!-- [et_pb_line_break_holder] -->  <pee>To learn how to manage cookies, please refer to the official guides: Google Chrome, Mozilla Firefox, Safari, and Microsoft Edge.<!-- [et_pb_line_break_holder] -->    <a href=\"https:\/\/support.google.com\/chrome\/answer\/95647\" target=\"_blank\" rel=\"noopener noreferrer\">Google Chrome<\/a>,<!-- [et_pb_line_break_holder] -->    <a href=\"https:\/\/support.mozilla.org\/fr\/kb\/activer-desactiver-cookies\" target=\"_blank\" rel=\"noopener noreferrer\">Mozilla Firefox<\/a>,<!-- [et_pb_line_break_holder] -->    <a href=\"https:\/\/support.apple.com\/fr-fr\/guide\/safari\/sfri11471\/mac\" target=\"_blank\" rel=\"noopener noreferrer\">Safari<\/a>,<!-- [et_pb_line_break_holder] -->    <a href=\"https:\/\/support.microsoft.com\/fr-fr\/microsoft-edge\/g\u00e9rer-les-cookies-dans-microsoft-edge-748e9355-5eb1-4075-a9e3-9f728e18d637\" target=\"_blank\" rel=\"noopener noreferrer\">Microsoft Edge<\/a>.<!-- [et_pb_line_break_holder] -->  <\/pee><!-- [et_pb_line_break_holder] -->[\/et_pb_code][\/et_pb_column][\/et_pb_row][\/et_pb_section]<\/p>","protected":false},"excerpt":{"rendered":"<p>This page informs you about the cookies used on this website, their purpose, and how you can manage your privacy preferences.<\/p>","protected":false},"author":1,"featured_media":0,"parent":0,"menu_order":0,"comment_status":"closed","ping_status":"closed","template":"","meta":{"_et_pb_use_builder":"on","_et_pb_old_content":"<!-- wp:divi\/placeholder \/-->","_et_gb_content_width":"","footnotes":""},"class_list":["post-3366","page","type-page","status-publish","hentry"],"yoast_head":"<!-- This site is optimized with the Yoast SEO plugin v26.4 - https:\/\/yoast.com\/wordpress\/plugins\/seo\/ -->\n<title>POLITIQUE RELATIVE AUX COOKIES - David Baghdasaryan<\/title>\n<meta name=\"description\" content=\"D\u00e9couvrez la politique relative aux cookies de David Baghdasaryan et comment nous g\u00e9rons vos pr\u00e9f\u00e9rences de confidentialit\u00e9.\" \/>\n<meta name=\"robots\" content=\"index, follow, max-snippet:-1, max-image-preview:large, max-video-preview:-1\" \/>\n<link rel=\"canonical\" href=\"https:\/\/david-baghdasaryan.com\/politique-cookies\" \/>\n<meta property=\"og:locale\" content=\"en_GB\" \/>\n<meta property=\"og:type\" content=\"article\" \/>\n<meta property=\"og:title\" content=\"POLITIQUE RELATIVE AUX COOKIES - David Baghdasaryan\" \/>\n<meta property=\"og:description\" content=\"D\u00e9couvrez la politique relative aux cookies de David Baghdasaryan et comment nous g\u00e9rons vos pr\u00e9f\u00e9rences de confidentialit\u00e9.\" \/>\n<meta property=\"og:url\" content=\"https:\/\/david-baghdasaryan.com\/politique-cookies\" \/>\n<meta property=\"og:site_name\" content=\"David Baghdasaryan\" \/>\n<meta property=\"article:publisher\" content=\"https:\/\/www.facebook.com\/david.baghdasar\" \/>\n<meta property=\"article:modified_time\" content=\"2025-10-31T09:58:36+00:00\" \/>\n<meta name=\"twitter:card\" content=\"summary_large_image\" \/>\n<meta name=\"twitter:label1\" content=\"Estimated reading time\" \/>\n\t<meta name=\"twitter:data1\" content=\"1 minute\" \/>\n<script type=\"application\/ld+json\" class=\"yoast-schema-graph\">{\"@context\":\"https:\/\/schema.org\",\"@graph\":[{\"@type\":\"WebPage\",\"@id\":\"https:\/\/www.david-baghdasaryan.com\/politique-cookies\/\",\"url\":\"https:\/\/david-baghdasaryan.com\/politique-cookies\",\"name\":\"POLITIQUE RELATIVE AUX COOKIES - David Baghdasaryan\",\"isPartOf\":{\"@id\":\"https:\/\/www.david-baghdasaryan.com\/#website\"},\"datePublished\":\"2025-10-22T19:46:03+00:00\",\"dateModified\":\"2025-10-31T09:58:36+00:00\",\"description\":\"D\u00e9couvrez la politique relative aux cookies de David Baghdasaryan et comment nous g\u00e9rons vos pr\u00e9f\u00e9rences de confidentialit\u00e9.\",\"breadcrumb\":{\"@id\":\"https:\/\/david-baghdasaryan.com\/politique-cookies#breadcrumb\"},\"inLanguage\":\"en-GB\",\"potentialAction\":[{\"@type\":\"ReadAction\",\"target\":[\"https:\/\/david-baghdasaryan.com\/politique-cookies\"]}]},{\"@type\":\"BreadcrumbList\",\"@id\":\"https:\/\/david-baghdasaryan.com\/politique-cookies#breadcrumb\",\"itemListElement\":[{\"@type\":\"ListItem\",\"position\":1,\"name\":\"Accueil\",\"item\":\"https:\/\/www.david-baghdasaryan.com\/\"},{\"@type\":\"ListItem\",\"position\":2,\"name\":\"Politique relative aux cookies\"}]},{\"@type\":\"WebSite\",\"@id\":\"https:\/\/www.david-baghdasaryan.com\/#website\",\"url\":\"https:\/\/www.david-baghdasaryan.com\/\",\"name\":\"David Baghdasaryan \u2013 Photographe portraitiste\",\"description\":\"David Baghdasaryan - Photographe portrait &amp; Nu artistique\",\"publisher\":{\"@id\":\"https:\/\/www.david-baghdasaryan.com\/#\/schema\/person\/fa1f5e33b2215adcbbc159dbd9f7b2a4\"},\"alternateName\":\"Photographe portraitiste\",\"potentialAction\":[{\"@type\":\"SearchAction\",\"target\":{\"@type\":\"EntryPoint\",\"urlTemplate\":\"https:\/\/www.david-baghdasaryan.com\/?s={search_term_string}\"},\"query-input\":{\"@type\":\"PropertyValueSpecification\",\"valueRequired\":true,\"valueName\":\"search_term_string\"}}],\"inLanguage\":\"en-GB\"},{\"@type\":[\"Person\",\"Organization\"],\"@id\":\"https:\/\/www.david-baghdasaryan.com\/#\/schema\/person\/fa1f5e33b2215adcbbc159dbd9f7b2a4\",\"name\":\"David Baghdasaryan\",\"image\":{\"@type\":\"ImageObject\",\"inLanguage\":\"en-GB\",\"@id\":\"https:\/\/www.david-baghdasaryan.com\/#\/schema\/person\/image\/\",\"url\":\"https:\/\/secure.gravatar.com\/avatar\/92bf917cf0defd5d49bf798cebb3cc362c83e5f0d59bc15c848062171ce15912?s=96&d=mm&r=g\",\"contentUrl\":\"https:\/\/secure.gravatar.com\/avatar\/92bf917cf0defd5d49bf798cebb3cc362c83e5f0d59bc15c848062171ce15912?s=96&d=mm&r=g\",\"caption\":\"David Baghdasaryan\"},\"logo\":{\"@id\":\"https:\/\/www.david-baghdasaryan.com\/#\/schema\/person\/image\/\"},\"sameAs\":[\"https:\/\/www.facebook.com\/david.baghdasar\",\"http:\/\/localhost:8888\/portfolio_david_baghdasaryan\/contact\/#\",\"https:\/\/www.linkedin.com\/in\/david-baghdasaryan-ab36501b1\/\"]}]}<\/script>\n<!-- \/ Yoast SEO plugin. -->","yoast_head_json":{"title":"POLITIQUE RELATIVE AUX COOKIES - David Baghdasaryan","description":"D\u00e9couvrez la politique relative aux cookies de David Baghdasaryan et comment nous g\u00e9rons vos pr\u00e9f\u00e9rences de confidentialit\u00e9.","robots":{"index":"index","follow":"follow","max-snippet":"max-snippet:-1","max-image-preview":"max-image-preview:large","max-video-preview":"max-video-preview:-1"},"canonical":"https:\/\/david-baghdasaryan.com\/politique-cookies","og_locale":"en_GB","og_type":"article","og_title":"POLITIQUE RELATIVE AUX COOKIES - David Baghdasaryan","og_description":"D\u00e9couvrez la politique relative aux cookies de David Baghdasaryan et comment nous g\u00e9rons vos pr\u00e9f\u00e9rences de confidentialit\u00e9.","og_url":"https:\/\/david-baghdasaryan.com\/politique-cookies","og_site_name":"David Baghdasaryan","article_publisher":"https:\/\/www.facebook.com\/david.baghdasar","article_modified_time":"2025-10-31T09:58:36+00:00","twitter_card":"summary_large_image","twitter_misc":{"Estimated reading time":"1 minute"},"schema":{"@context":"https:\/\/schema.org","@graph":[{"@type":"WebPage","@id":"https:\/\/www.david-baghdasaryan.com\/politique-cookies\/","url":"https:\/\/david-baghdasaryan.com\/politique-cookies","name":"POLITIQUE RELATIVE AUX COOKIES - David Baghdasaryan","isPartOf":{"@id":"https:\/\/www.david-baghdasaryan.com\/#website"},"datePublished":"2025-10-22T19:46:03+00:00","dateModified":"2025-10-31T09:58:36+00:00","description":"D\u00e9couvrez la politique relative aux cookies de David Baghdasaryan et comment nous g\u00e9rons vos pr\u00e9f\u00e9rences de confidentialit\u00e9.","breadcrumb":{"@id":"https:\/\/david-baghdasaryan.com\/politique-cookies#breadcrumb"},"inLanguage":"en-GB","potentialAction":[{"@type":"ReadAction","target":["https:\/\/david-baghdasaryan.com\/politique-cookies"]}]},{"@type":"BreadcrumbList","@id":"https:\/\/david-baghdasaryan.com\/politique-cookies#breadcrumb","itemListElement":[{"@type":"ListItem","position":1,"name":"Accueil","item":"https:\/\/www.david-baghdasaryan.com\/"},{"@type":"ListItem","position":2,"name":"Politique relative aux cookies"}]},{"@type":"WebSite","@id":"https:\/\/www.david-baghdasaryan.com\/#website","url":"https:\/\/www.david-baghdasaryan.com\/","name":"David Baghdasaryan \u2013 Photographe portraitiste","description":"David Baghdasaryan - Photographe portrait &amp; Nu artistique","publisher":{"@id":"https:\/\/www.david-baghdasaryan.com\/#\/schema\/person\/fa1f5e33b2215adcbbc159dbd9f7b2a4"},"alternateName":"Photographe portraitiste","potentialAction":[{"@type":"SearchAction","target":{"@type":"EntryPoint","urlTemplate":"https:\/\/www.david-baghdasaryan.com\/?s={search_term_string}"},"query-input":{"@type":"PropertyValueSpecification","valueRequired":true,"valueName":"search_term_string"}}],"inLanguage":"en-GB"},{"@type":["Person","Organization"],"@id":"https:\/\/www.david-baghdasaryan.com\/#\/schema\/person\/fa1f5e33b2215adcbbc159dbd9f7b2a4","name":"David Baghdasaryan","image":{"@type":"ImageObject","inLanguage":"en-GB","@id":"https:\/\/www.david-baghdasaryan.com\/#\/schema\/person\/image\/","url":"https:\/\/secure.gravatar.com\/avatar\/92bf917cf0defd5d49bf798cebb3cc362c83e5f0d59bc15c848062171ce15912?s=96&d=mm&r=g","contentUrl":"https:\/\/secure.gravatar.com\/avatar\/92bf917cf0defd5d49bf798cebb3cc362c83e5f0d59bc15c848062171ce15912?s=96&d=mm&r=g","caption":"David Baghdasaryan"},"logo":{"@id":"https:\/\/www.david-baghdasaryan.com\/#\/schema\/person\/image\/"},"sameAs":["https:\/\/www.facebook.com\/david.baghdasar","http:\/\/localhost:8888\/portfolio_david_baghdasaryan\/contact\/#","https:\/\/www.linkedin.com\/in\/david-baghdasaryan-ab36501b1\/"]}]}},"_links":{"self":[{"href":"https:\/\/www.david-baghdasaryan.com\/en\/wp-json\/wp\/v2\/pages\/3366","targetHints":{"allow":["GET"]}}],"collection":[{"href":"https:\/\/www.david-baghdasaryan.com\/en\/wp-json\/wp\/v2\/pages"}],"about":[{"href":"https:\/\/www.david-baghdasaryan.com\/en\/wp-json\/wp\/v2\/types\/page"}],"author":[{"embeddable":true,"href":"https:\/\/www.david-baghdasaryan.com\/en\/wp-json\/wp\/v2\/users\/1"}],"replies":[{"embeddable":true,"href":"https:\/\/www.david-baghdasaryan.com\/en\/wp-json\/wp\/v2\/comments?post=3366"}],"version-history":[{"count":12,"href":"https:\/\/www.david-baghdasaryan.com\/en\/wp-json\/wp\/v2\/pages\/3366\/revisions"}],"predecessor-version":[{"id":4483,"href":"https:\/\/www.david-baghdasaryan.com\/en\/wp-json\/wp\/v2\/pages\/3366\/revisions\/4483"}],"wp:attachment":[{"href":"https:\/\/www.david-baghdasaryan.com\/en\/wp-json\/wp\/v2\/media?parent=3366"}],"curies":[{"name":"wp","href":"https:\/\/api.w.org\/{rel}","templated":true}]}}