{"id":500,"date":"2025-04-10T14:45:02","date_gmt":"2025-04-10T14:45:02","guid":{"rendered":"http:\/\/localhost:8888\/portfolio_david_baghdasaryan\/?page_id=500"},"modified":"2025-11-13T17:17:26","modified_gmt":"2025-11-13T17:17:26","slug":"journal","status":"publish","type":"page","link":"https:\/\/www.david-baghdasaryan.com\/en\/journal\/","title":{"rendered":"Journal"},"content":{"rendered":"<p>[et_pb_section fb_built=\u00a0\u00bb1&Prime; custom_padding_last_edited=\u00a0\u00bbon|phone\u00a0\u00bb admin_label=\u00a0\u00bbHeader\u00a0\u00bb _builder_version=\u00a0\u00bb4.27.4&Prime; _module_preset=\u00a0\u00bbdefault\u00a0\u00bb background_color=\u00a0\u00bb#F2F0EC\u00a0\u00bb custom_margin=\u00a0\u00bb40px||||false|false\u00a0\u00bb custom_margin_tablet=\u00a0\u00bb40px||||false|false\u00a0\u00bb custom_margin_phone=\u00a0\u00bb40px||||false|false\u00a0\u00bb custom_margin_last_edited=\u00a0\u00bbon|phone\u00a0\u00bb custom_padding=\u00a0\u00bb5vw||5vw||true|false\u00a0\u00bb custom_padding_tablet=\u00a0\u00bb9vw||9vw||true|true\u00a0\u00bb custom_padding_phone=\u00a0\u00bb14vw|3vw|7vw|3vw|false|true\u00a0\u00bb locked=\u00a0\u00bboff\u00a0\u00bb collapsed=\u00a0\u00bbon\u00a0\u00bb global_colors_info=\u00a0\u00bb{}\u00a0\u00bb][et_pb_row column_structure=\u00a0\u00bb2_3,1_3&Prime; _builder_version=\u00a0\u00bb4.27.4&Prime; _module_preset=\u00a0\u00bbdefault\u00a0\u00bb width=\u00a0\u00bb90%\u00a0\u00bb max_width=\u00a0\u00bb2000px\u00a0\u00bb custom_padding=\u00a0\u00bb0px||0px||false|false\u00a0\u00bb global_colors_info=\u00a0\u00bb{}\u00a0\u00bb][et_pb_column type=\u00a0\u00bb2_3&Prime; _builder_version=\u00a0\u00bb4.24.2&Prime; _module_preset=\u00a0\u00bbdefault\u00a0\u00bb global_colors_info=\u00a0\u00bb{}\u00a0\u00bb][et_pb_text _builder_version=\u00a0\u00bb4.27.4&Prime; _module_preset=\u00a0\u00bbc16985e1-e0d6-4022-964d-e2bfc04fa633&Prime; header_font=\u00a0\u00bbItaliana|700||on|||||\u00a0\u00bb header_text_align=\u00a0\u00bbleft\u00a0\u00bb header_text_color=\u00a0\u00bb#1D1F20&Prime; header_font_size=\u00a0\u00bb110px\u00a0\u00bb header_line_height=\u00a0\u00bb1.2em\u00a0\u00bb custom_margin=\u00a0\u00bb||0px||false|false\u00a0\u00bb header_font_size_tablet=\u00a0\u00bb80px\u00a0\u00bb header_font_size_phone=\u00a0\u00bb58px\u00a0\u00bb header_font_size_last_edited=\u00a0\u00bbon|tablet\u00a0\u00bb global_colors_info=\u00a0\u00bb{}\u00a0\u00bb]<\/p>\n<h1>Journal<\/h1>\n<p>[\/et_pb_text][et_pb_text _builder_version=\u00a0\u00bb4.27.4&Prime; _module_preset=\u00a0\u00bbe6504a1b-67eb-4b3d-b023-bcab277610b6&Prime; header_4_font=\u00a0\u00bbMerriweather Sans|500||on|||||\u00a0\u00bb header_4_text_color=\u00a0\u00bb#464442&Prime; header_4_font_size=\u00a0\u00bb12px\u00a0\u00bb header_4_letter_spacing=\u00a0\u00bb1px\u00a0\u00bb header_4_line_height=\u00a0\u00bb1.4em\u00a0\u00bb header_5_font=\u00a0\u00bb&#8211;et_global_body_font|500||on|||||\u00a0\u00bb header_5_text_align=\u00a0\u00bbleft\u00a0\u00bb header_5_text_color=\u00a0\u00bb#1D1F20&Prime; header_5_font_size=\u00a0\u00bb12px\u00a0\u00bb header_5_letter_spacing=\u00a0\u00bb1px\u00a0\u00bb header_5_line_height=\u00a0\u00bb1.4em\u00a0\u00bb max_width=\u00a0\u00bb50%\u00a0\u00bb max_width_tablet=\u00a0\u00bb90%\u00a0\u00bb max_width_phone=\u00a0\u00bb100%\u00a0\u00bb max_width_last_edited=\u00a0\u00bbon|tablet\u00a0\u00bb custom_margin=\u00a0\u00bb||||false|false\u00a0\u00bb global_colors_info=\u00a0\u00bb{}\u00a0\u00bb]<\/p>\n<h5>Here, the paths my images travel converge, along with their encounters and echoes.<\/h5>\n<p>[\/et_pb_text][\/et_pb_column][et_pb_column type=\u00a0\u00bb1_3&Prime; _builder_version=\u00a0\u00bb4.24.2&Prime; _module_preset=\u00a0\u00bbdefault\u00a0\u00bb global_colors_info=\u00a0\u00bb{}\u00a0\u00bb][et_pb_text _builder_version=\u00a0\u00bb4.27.4&Prime; _module_preset=\u00a0\u00bb1f09816e-184e-4ce5-a4cf-b39c52c423ca\u00a0\u00bb text_font=\u00a0\u00bbMerriweather Sans|300|||||||\u00a0\u00bb text_text_color=\u00a0\u00bb#464442&Prime; custom_padding=\u00a0\u00bb20px||||false|false\u00a0\u00bb custom_padding_tablet=\u00a0\u00bb0px||||false|false\u00a0\u00bb custom_padding_phone=\u00a0\u00bb0px||||false|false\u00a0\u00bb custom_padding_last_edited=\u00a0\u00bbon|phone\u00a0\u00bb text_font_size_tablet=\u00a0\u00bb14px\u00a0\u00bb text_font_size_phone=\u00a0\u00bb12px\u00a0\u00bb text_font_size_last_edited=\u00a0\u00bbon|desktop\u00a0\u00bb header_font_size_tablet=\u00a0\u00bb55px\u00a0\u00bb header_font_size_last_edited=\u00a0\u00bboff|desktop\u00a0\u00bb global_colors_info=\u00a0\u00bb{}\u00a0\u00bb]<\/p>\n<p>Expositions, concours, publications et collaborations \u202f: chaque exp\u00e9rience trace une empreinte dans mon parcours photographique. Ce journal en conserve la m\u00e9moire, celle des lieux travers\u00e9s, des regards crois\u00e9s et des images qui continuent de r\u00e9sonner au-del\u00e0 de leur instant.<\/p>\n<p>[\/et_pb_text][\/et_pb_column][\/et_pb_row][\/et_pb_section][et_pb_section fb_built=\u00a0\u00bb1&Prime; admin_label=\u00a0\u00bbFullwidth Image\u00a0\u00bb _builder_version=\u00a0\u00bb4.27.4&Prime; _module_preset=\u00a0\u00bbdefault\u00a0\u00bb custom_padding=\u00a0\u00bb0px||0px||true|false\u00a0\u00bb locked=\u00a0\u00bboff\u00a0\u00bb collapsed=\u00a0\u00bbon\u00a0\u00bb global_colors_info=\u00a0\u00bb{}\u00a0\u00bb][et_pb_row _builder_version=\u00a0\u00bb4.17.3&Prime; _module_preset=\u00a0\u00bbdefault\u00a0\u00bb width=\u00a0\u00bb100%\u00a0\u00bb max_width=\u00a0\u00bbnone\u00a0\u00bb custom_padding=\u00a0\u00bb0px||0px||true|false\u00a0\u00bb global_colors_info=\u00a0\u00bb{}\u00a0\u00bb][et_pb_column type=\u00a0\u00bb4_4&Prime; _builder_version=\u00a0\u00bb4.17.3&Prime; _module_preset=\u00a0\u00bbdefault\u00a0\u00bb global_colors_info=\u00a0\u00bb{}\u00a0\u00bb][et_pb_image src=\u00a0\u00bbhttps:\/\/www.david-baghdasaryan.com\/wp-content\/uploads\/2025\/10\/page-journal-fullwidth-david-baghdasaryan.webp\u00a0\u00bb title_text=\u00a0\u00bbpage journal fullwidth david baghdasaryan\u00a0\u00bb force_fullwidth=\u00a0\u00bbon\u00a0\u00bb src_tablet=\u00a0\u00bbhttps:\/\/www.david-baghdasaryan.com\/wp-content\/uploads\/2025\/10\/page-journal-fullwidth-david-baghdasaryan.webp\u00a0\u00bb src_phone=\u00a0\u00bbhttps:\/\/www.david-baghdasaryan.com\/wp-content\/uploads\/2025\/11\/page-journal-fullwidth-mobile-david-baghdasaryan.webp\u00a0\u00bb src_last_edited=\u00a0\u00bbon|phone\u00a0\u00bb _builder_version=\u00a0\u00bb4.27.4&Prime; _module_preset=\u00a0\u00bbdefault\u00a0\u00bb hover_enabled=\u00a0\u00bb0&Prime; global_colors_info=\u00a0\u00bb{}\u00a0\u00bb alt=\u00a0\u00bbpage journal fullwidth david baghdasaryan\u00a0\u00bb sticky_enabled=\u00a0\u00bb0&Prime;][\/et_pb_image][\/et_pb_column][\/et_pb_row][\/et_pb_section][et_pb_section fb_built=\u00a0\u00bb1&Prime; disabled_on=\u00a0\u00bboff|off|off\u00a0\u00bb admin_label=\u00a0\u00bbArticle blog\u00a0\u00bb _builder_version=\u00a0\u00bb4.27.4&Prime; _module_preset=\u00a0\u00bbdefault\u00a0\u00bb background_color=\u00a0\u00bb#F2F0EC\u00a0\u00bb locked=\u00a0\u00bboff\u00a0\u00bb collapsed=\u00a0\u00bboff\u00a0\u00bb global_colors_info=\u00a0\u00bb{}\u00a0\u00bb][et_pb_row admin_label=\u00a0\u00bbGrid Journal \u2014 Section\u00a0\u00bb _builder_version=\u00a0\u00bb4.27.4&Prime; _module_preset=\u00a0\u00bbdefault\u00a0\u00bb width=\u00a0\u00bb100%\u00a0\u00bb module_alignment=\u00a0\u00bbcenter\u00a0\u00bb custom_margin=\u00a0\u00bb0px||0px||false|false\u00a0\u00bb custom_padding=\u00a0\u00bb0px||0px||false|false\u00a0\u00bb custom_css_free_form=\u00a0\u00bb\/* Modificaiton de l&rsquo;ordre d&rsquo;affichage du text *\/||.et_pb_blog_0 .et_pb_post img {||  margin-bottom: -30px; ||}||||.et_pb_blog_0 .et_pb_post {||  display: flex;||  flex-direction: column;||}||||\/* Categorie *\/||.et_pb_blog_0 .post-meta {||  order: 1;||  margin-bottom: 10px;||}||||\/* Titre *\/||.et_pb_blog_0 .entry-title {||  order: 2;||}||||\/* Extrait *\/||.et_pb_blog_0 .post-content {||  order: 3;||}||||\/* CTA *\/||.et_pb_blog_0 .more-link {||  order: 4;||  margin-top: 15px;||}||\/* Fin *\/||||||\/* RESPONSIVE : Encadrement des articles dans le module Blog *\/||.et_pb_post {||  border: 1.3px solid #1D1F20 !important;||  padding: 1.8vw !important;||}||||\/* Desktop small *\/||@media (min-width: 980px) and (max-width: 1404px) {||  .et_pb_post {||    padding: 2.5vw;||  }||} ||||\/* Tablet *\/||@media (min-width: 768px) and (max-width: 979px) {||  .et_pb_post {||    padding: 3vw !important;||  }||}||||\/* Mobile &#038; tablet small *\/||@media (max-width: 767px) {||  .et_pb_post {||    padding: 4vw !important;||  }||}||||\/* Mobile small *\/||@media (max-width: 479px) {||  .et_pb_post {||    padding: 8vw !important;||  }||}||\/* Fin *\/\u00a0\u00bb collapsed=\u00a0\u00bboff\u00a0\u00bb global_colors_info=\u00a0\u00bb{}\u00a0\u00bb][et_pb_column type=\u00a0\u00bb4_4&Prime; _builder_version=\u00a0\u00bb4.27.4&Prime; _module_preset=\u00a0\u00bbdefault\u00a0\u00bb global_colors_info=\u00a0\u00bb{}\u00a0\u00bb][et_pb_code admin_label=\u00a0\u00bbHTML\u00a0\u00bb _builder_version=\u00a0\u00bb4.27.4&Prime; _module_preset=\u00a0\u00bbdefault\u00a0\u00bb custom_padding=\u00a0\u00bb||||false|false\u00a0\u00bb custom_padding_tablet=\u00a0\u00bb20px||15px||false|false\u00a0\u00bb custom_padding_phone=\u00a0\u00bb15px||10px||false|false\u00a0\u00bb custom_padding_last_edited=\u00a0\u00bbon|phone\u00a0\u00bb global_colors_info=\u00a0\u00bb{}\u00a0\u00bb]<\/p>\n<div style=\"display: flex; flex-direction: column; align-items: center; gap: 6px;\"><!-- [et_pb_line_break_holder] -->    <button class=\"filter-button filter-all\" data-filter=\"all\">All categories<\/button><!-- [et_pb_line_break_holder] -->  <button class=\"filter-button\" data-filter=\"category-publications\"><span class=\"number\">01.\u00a0<\/span>Publications<\/button><!-- [et_pb_line_break_holder] -->  <button class=\"filter-button\" data-filter=\"category-expositions\">Exhibitions<span class=\"number\">\u00a0.02<\/span><\/button><!-- [et_pb_line_break_holder] -->  <button class=\"filter-button\" data-filter=\"category-collaborations\"><span class=\"number\">03.\u00a0<\/span>Collaborations<\/button><\/button><!-- [et_pb_line_break_holder] --><button class=\"filter-button\" data-filter=\"category-concours\">Awards<span class=\"number\">\u00a0.04<\/span><\/button><!-- [et_pb_line_break_holder] --><\/div>\n<p>[\/et_pb_code][et_pb_blog posts_number=\u00a0\u00bb9&Prime; include_categories=\u00a0\u00bb10,1,11,all,24&Prime; show_more=\u00a0\u00bbon\u00a0\u00bb show_author=\u00a0\u00bboff\u00a0\u00bb show_date=\u00a0\u00bboff\u00a0\u00bb admin_label=\u00a0\u00bbModule Blog + CSS\u00a0\u00bb _builder_version=\u00a0\u00bb4.27.4&Prime; _module_preset=\u00a0\u00bbdefault\u00a0\u00bb header_level=\u00a0\u00bbh3&Prime; header_font=\u00a0\u00bb&#8211;et_global_heading_font|||on|||||\u00a0\u00bb header_text_align=\u00a0\u00bbleft\u00a0\u00bb header_text_color=\u00a0\u00bb#1D1F20&Prime; header_font_size=\u00a0\u00bb22px\u00a0\u00bb body_font=\u00a0\u00bb&#8211;et_global_body_font||||||||\u00a0\u00bb body_text_align=\u00a0\u00bbjustify\u00a0\u00bb body_text_color=\u00a0\u00bb#464442&Prime; meta_font=\u00a0\u00bb&#8211;et_global_body_font|500||on|||||\u00a0\u00bb meta_text_align=\u00a0\u00bbleft\u00a0\u00bb meta_text_color=\u00a0\u00bb#8C8368&Prime; meta_font_size=\u00a0\u00bb12px\u00a0\u00bb meta_letter_spacing=\u00a0\u00bb2px\u00a0\u00bb read_more_font=\u00a0\u00bb&#8211;et_global_body_font|500||on|||||\u00a0\u00bb read_more_text_color=\u00a0\u00bb#1D1F20&Prime; read_more_font_size=\u00a0\u00bb12px\u00a0\u00bb read_more_letter_spacing=\u00a0\u00bb1px\u00a0\u00bb width=\u00a0\u00bb100%\u00a0\u00bb max_width=\u00a0\u00bb1440px\u00a0\u00bb custom_margin=\u00a0\u00bb0px|0px|0px|0px|false|false\u00a0\u00bb custom_padding=\u00a0\u00bb0px|0px|0px|0px|false|false\u00a0\u00bb custom_css_free_form=\u00a0\u00bb\/* Post container *\/||.et_pb_post {||    display: block;||}||.et_pb_post.hidden {||    display: none;||}||||\/* Pagination container *\/||.et_pb_ajax_pagination_container {||    display: flex;||    flex-wrap: wrap;||}||||\/* Post item *\/||.et_pb_posts .et_pb_post {||    position: relative;||    width: 31%;||    padding: 20px;||    margin: 1%;||}||||\/* IMAGE *\/||.et_pb_post .entry-featured-image-url {||    margin-bottom: 0 !important;||}||||\/* POST META (cat\u00e9gorie, date\u2026) *\/||\/* TITRE *\/||.et_pb_posts .et_pb_post .entry-title { ||    display: -webkit-box;||    -webkit-line-clamp: 2; \/* Limite \u00e0 2 lignes *\/||    -webkit-box-orient: vertical;||    overflow: hidden;||    max-height: 60px;||    font-size: 26px;||    line-height: 1.2em;||}||||\/* EXTRAIT *\/||.et_pb_post .entry-summary {||    display: -webkit-box;||    -webkit-line-clamp: 3; \/* Limite \u00e0 3 lignes *\/||    -webkit-box-orient: vertical;||    overflow: hidden;||    font-size: 14px;      \/* Desktop *\/||    line-height: 1.5em;||}||||\/* PARAGRAPHE DANS POST-CONTENT *\/||.et_pb_post .post-content p {||    font-size: 14px;||    line-height: 1.5em;||}||||\/*  FILTRES \/ CATEGORIES  *\/||||\/* Bouton \u201cToutes les cat\u00e9gories\u201d *\/||.filter-button.filter-all {||    font-family: &lsquo;Merriweather Sans&rsquo;, Helvetica, Arial, sans-serif;||    font-weight: 500;||    text-transform: uppercase;||    font-size: 12px;||    letter-spacing: 1px;||    line-height: 1.2em;||    text-align: center;||    color: #1D1F20;||    text-decoration: none;||    display: block;||    margin-bottom: 24px;||    transition: color 0.3s;||}||||.filter-button.filter-all.active {||    color: #A19982;||}||||\/* Boutons cat\u00e9gories *\/||.filter-button {||    font-family: %22Italiana%22, serif;||    text-transform: uppercase;||    font-size: 60px;||    color: #1D1F20;||    text-decoration: none;||    border: none;||    background: none;||    display: flex;||    align-items: center;||    justify-content: center; ||    width: auto; ||    padding: 0; ||    gap: 0;||    cursor: pointer;||    transition: color 0.3s, transform 0.3s;||}||||.filter-button%91data-filter=%22category-concours%22%93 {||    justify-content: flex-start;||}||||\/* Num\u00e9ros \u00e0 c\u00f4t\u00e9 des boutons *\/||.filter-button .number {||    font-family: %22Italiana%22, serif; ||    font-size: 27px;||}||||\/* Hover \/ active *\/||.filter-button:hover,||.filter-button.active {||    color: #A19982;||}||||\/*  CTA : Lire l&rsquo;article  *\/||.more-link {||    position: relative;||    display: inline-flex;||    text-transform: uppercase;||    text-decoration: none;||}||||.more-link::after {||    content: %22\u2192%22;||    margin-left: 8px;||    font-size: 1em;||    transition: transform 0.2s ease;||}||||.more-link:hover::after {||    transform: translateX(4px);||}||||\/*  RESPONSIVE  *\/||\/* Tablette *\/||@media (max-width: 981px) and (min-width: 601px) {||    \/* Posts *\/||    .et_pb_posts .et_pb_post {||        width: 48%;||        margin: 1% 1%;||    }||||    \/* Filtres *\/||    .filter-button.filter-all {||        font-size: 12px;||    }||    .filter-button {||        font-size: 50px;||    }||    .filter-button .number {||        font-size: 22px;||    }||||}||||\/* Mobile *\/||@media (max-width: 600px) {||      \/* Posts *\/||    .et_pb_posts .et_pb_post {||        width: 100%;||        margin: 3% 0px;||    }||  ||     \/* Filtres *\/||    .filter-button.filter-all {||        font-size: 12px;||    }||    .filter-button {||        font-size: 40px;||    }||    .filter-button .number {||        font-size: 18px;||    }||  ||    \/* Extrait et contenu post *\/||    .et_pb_post .entry-summary {||        font-size: 12px;||    }||    .et_pb_post .post-content p {||        font-size: 12px !important;||    }||||||}||\u00a0\u00bb custom_css_title=\u00a0\u00bbpadding-bottom: 10px;\u00a0\u00bb custom_css_post_meta=\u00a0\u00bbmargin-top:30px;||margin-bottom:10px;\u00a0\u00bb custom_css_featured_image=\u00a0\u00bbheight: 100%;||margin-bottom:0;\u00a0\u00bb border_width_all_image=\u00a0\u00bb1.3px\u00a0\u00bb global_colors_info=\u00a0\u00bb{}\u00a0\u00bb read_more_letter_spacing__hover_enabled=\u00a0\u00bbon|hover\u00a0\u00bb read_more_letter_spacing__hover=\u00a0\u00bb2px\u00a0\u00bb][\/et_pb_blog][et_pb_code admin_label=\u00a0\u00bbJavaScript\u00a0\u00bb _builder_version=\u00a0\u00bb4.27.4&Prime; _module_preset=\u00a0\u00bbdefault\u00a0\u00bb global_colors_info=\u00a0\u00bb{}\u00a0\u00bb]<script><!-- [et_pb_line_break_holder] -->jQuery(document).ready(function($) {<!-- [et_pb_line_break_holder] -->    $('.filter-button').click(function() {<!-- [et_pb_line_break_holder] -->        var filter = $(this).data('filter');<!-- [et_pb_line_break_holder] -->        $('.filter-button').removeClass('active'); \/\/ Retire la classe active de tous les boutons<!-- [et_pb_line_break_holder] -->        $(this).addClass('active'); \/\/ Ajoute la classe active au bouton cliqu\u00e9<!-- [et_pb_line_break_holder] --><!-- [et_pb_line_break_holder] -->        $('.et_pb_post').each(function() {<!-- [et_pb_line_break_holder] -->            if (filter === 'all' || $(this).hasClass(filter)) {<!-- [et_pb_line_break_holder] -->                $(this).removeClass('hidden');<!-- [et_pb_line_break_holder] -->            } else {<!-- [et_pb_line_break_holder] -->                $(this).addClass('hidden');<!-- [et_pb_line_break_holder] -->            }<!-- [et_pb_line_break_holder] -->        });<!-- [et_pb_line_break_holder] -->        $('.et_pb_ajax_pagination_container').css('display', 'flex').hide().show(0);<!-- [et_pb_line_break_holder] -->    });<!-- [et_pb_line_break_holder] --><!-- [et_pb_line_break_holder] -->    \/\/ Initialise le bouton \"Toutes les cat\u00e9gories\" comme actif par d\u00e9faut<!-- [et_pb_line_break_holder] -->    $('.filter-button[data-filter=\"all\"]').addClass('active');<!-- [et_pb_line_break_holder] -->});<!-- [et_pb_line_break_holder] --><\/script>[\/et_pb_code][\/et_pb_column][\/et_pb_row][\/et_pb_section]<\/p>","protected":false},"excerpt":{"rendered":"<p>JournalIci se croisent les chemins parcourus par mes images, leurs rencontres et leurs \u00e9chos.Expositions, concours, publications et collaborations \u202f: chaque exp\u00e9rience trace une empreinte dans mon parcours photographique. Ce journal en conserve la m\u00e9moire, celle des lieux travers\u00e9s, des regards crois\u00e9s et des images qui continuent de r\u00e9sonner au-del\u00e0 de leur instant.<\/p>","protected":false},"author":1,"featured_media":0,"parent":0,"menu_order":0,"comment_status":"closed","ping_status":"closed","template":"","meta":{"_et_pb_use_builder":"on","_et_pb_old_content":"","_et_gb_content_width":"","footnotes":""},"class_list":["post-500","page","type-page","status-publish","hentry"],"yoast_head":"<!-- This site is optimized with the Yoast SEO plugin v26.4 - https:\/\/yoast.com\/wordpress\/plugins\/seo\/ -->\n<title>Journal - David Baghdasaryan, photographe portraitiste &amp; nu artistique<\/title>\n<meta name=\"description\" content=\"Le journal de David Baghdasaryan, photographe et portraitiste, partage r\u00e9flexions, projets et actualit\u00e9s autour de ses cr\u00e9ations.\" \/>\n<meta name=\"robots\" content=\"index, follow, max-snippet:-1, max-image-preview:large, max-video-preview:-1\" \/>\n<link rel=\"canonical\" href=\"https:\/\/david-baghdasaryan.com\/journal\" \/>\n<meta property=\"og:locale\" content=\"en_GB\" \/>\n<meta property=\"og:type\" content=\"article\" \/>\n<meta property=\"og:title\" content=\"Journal - David Baghdasaryan, photographe portraitiste &amp; nu artistique\" \/>\n<meta property=\"og:description\" content=\"Le journal de David Baghdasaryan, photographe et portraitiste, partage r\u00e9flexions, projets et actualit\u00e9s autour de ses cr\u00e9ations.\" \/>\n<meta property=\"og:url\" content=\"https:\/\/david-baghdasaryan.com\/journal\" \/>\n<meta property=\"og:site_name\" content=\"David Baghdasaryan\" \/>\n<meta property=\"article:publisher\" content=\"https:\/\/www.facebook.com\/david.baghdasar\" \/>\n<meta property=\"article:modified_time\" content=\"2025-11-13T17:17:26+00:00\" \/>\n<meta name=\"twitter:card\" content=\"summary_large_image\" \/>\n<meta name=\"twitter:label1\" content=\"Estimated reading time\" \/>\n\t<meta name=\"twitter:data1\" content=\"3 minutes\" \/>\n<script type=\"application\/ld+json\" class=\"yoast-schema-graph\">{\"@context\":\"https:\/\/schema.org\",\"@graph\":[{\"@type\":\"WebPage\",\"@id\":\"https:\/\/www.david-baghdasaryan.com\/journal\/\",\"url\":\"https:\/\/david-baghdasaryan.com\/journal\",\"name\":\"Journal - David Baghdasaryan, photographe portraitiste & nu artistique\",\"isPartOf\":{\"@id\":\"https:\/\/www.david-baghdasaryan.com\/#website\"},\"datePublished\":\"2025-04-10T14:45:02+00:00\",\"dateModified\":\"2025-11-13T17:17:26+00:00\",\"description\":\"Le journal de David Baghdasaryan, photographe et portraitiste, partage r\u00e9flexions, projets et actualit\u00e9s autour de ses cr\u00e9ations.\",\"breadcrumb\":{\"@id\":\"https:\/\/david-baghdasaryan.com\/journal#breadcrumb\"},\"inLanguage\":\"en-GB\",\"potentialAction\":[{\"@type\":\"ReadAction\",\"target\":[\"https:\/\/david-baghdasaryan.com\/journal\"]}]},{\"@type\":\"BreadcrumbList\",\"@id\":\"https:\/\/david-baghdasaryan.com\/journal#breadcrumb\",\"itemListElement\":[{\"@type\":\"ListItem\",\"position\":1,\"name\":\"Accueil\",\"item\":\"https:\/\/www.david-baghdasaryan.com\/\"},{\"@type\":\"ListItem\",\"position\":2,\"name\":\"Journal\"}]},{\"@type\":\"WebSite\",\"@id\":\"https:\/\/www.david-baghdasaryan.com\/#website\",\"url\":\"https:\/\/www.david-baghdasaryan.com\/\",\"name\":\"David Baghdasaryan \u2013 Photographe portraitiste\",\"description\":\"David Baghdasaryan - Photographe portrait &amp; Nu artistique\",\"publisher\":{\"@id\":\"https:\/\/www.david-baghdasaryan.com\/#\/schema\/person\/fa1f5e33b2215adcbbc159dbd9f7b2a4\"},\"alternateName\":\"Photographe portraitiste\",\"potentialAction\":[{\"@type\":\"SearchAction\",\"target\":{\"@type\":\"EntryPoint\",\"urlTemplate\":\"https:\/\/www.david-baghdasaryan.com\/?s={search_term_string}\"},\"query-input\":{\"@type\":\"PropertyValueSpecification\",\"valueRequired\":true,\"valueName\":\"search_term_string\"}}],\"inLanguage\":\"en-GB\"},{\"@type\":[\"Person\",\"Organization\"],\"@id\":\"https:\/\/www.david-baghdasaryan.com\/#\/schema\/person\/fa1f5e33b2215adcbbc159dbd9f7b2a4\",\"name\":\"David Baghdasaryan\",\"image\":{\"@type\":\"ImageObject\",\"inLanguage\":\"en-GB\",\"@id\":\"https:\/\/www.david-baghdasaryan.com\/#\/schema\/person\/image\/\",\"url\":\"https:\/\/secure.gravatar.com\/avatar\/92bf917cf0defd5d49bf798cebb3cc362c83e5f0d59bc15c848062171ce15912?s=96&d=mm&r=g\",\"contentUrl\":\"https:\/\/secure.gravatar.com\/avatar\/92bf917cf0defd5d49bf798cebb3cc362c83e5f0d59bc15c848062171ce15912?s=96&d=mm&r=g\",\"caption\":\"David Baghdasaryan\"},\"logo\":{\"@id\":\"https:\/\/www.david-baghdasaryan.com\/#\/schema\/person\/image\/\"},\"sameAs\":[\"https:\/\/www.facebook.com\/david.baghdasar\",\"http:\/\/localhost:8888\/portfolio_david_baghdasaryan\/contact\/#\",\"https:\/\/www.linkedin.com\/in\/david-baghdasaryan-ab36501b1\/\"]}]}<\/script>\n<!-- \/ Yoast SEO plugin. -->","yoast_head_json":{"title":"Journal - David Baghdasaryan, photographe portraitiste & nu artistique","description":"Le journal de David Baghdasaryan, photographe et portraitiste, partage r\u00e9flexions, projets et actualit\u00e9s autour de ses cr\u00e9ations.","robots":{"index":"index","follow":"follow","max-snippet":"max-snippet:-1","max-image-preview":"max-image-preview:large","max-video-preview":"max-video-preview:-1"},"canonical":"https:\/\/david-baghdasaryan.com\/journal","og_locale":"en_GB","og_type":"article","og_title":"Journal - David Baghdasaryan, photographe portraitiste & nu artistique","og_description":"Le journal de David Baghdasaryan, photographe et portraitiste, partage r\u00e9flexions, projets et actualit\u00e9s autour de ses cr\u00e9ations.","og_url":"https:\/\/david-baghdasaryan.com\/journal","og_site_name":"David Baghdasaryan","article_publisher":"https:\/\/www.facebook.com\/david.baghdasar","article_modified_time":"2025-11-13T17:17:26+00:00","twitter_card":"summary_large_image","twitter_misc":{"Estimated reading time":"3 minutes"},"schema":{"@context":"https:\/\/schema.org","@graph":[{"@type":"WebPage","@id":"https:\/\/www.david-baghdasaryan.com\/journal\/","url":"https:\/\/david-baghdasaryan.com\/journal","name":"Journal - David Baghdasaryan, photographe portraitiste & nu artistique","isPartOf":{"@id":"https:\/\/www.david-baghdasaryan.com\/#website"},"datePublished":"2025-04-10T14:45:02+00:00","dateModified":"2025-11-13T17:17:26+00:00","description":"Le journal de David Baghdasaryan, photographe et portraitiste, partage r\u00e9flexions, projets et actualit\u00e9s autour de ses cr\u00e9ations.","breadcrumb":{"@id":"https:\/\/david-baghdasaryan.com\/journal#breadcrumb"},"inLanguage":"en-GB","potentialAction":[{"@type":"ReadAction","target":["https:\/\/david-baghdasaryan.com\/journal"]}]},{"@type":"BreadcrumbList","@id":"https:\/\/david-baghdasaryan.com\/journal#breadcrumb","itemListElement":[{"@type":"ListItem","position":1,"name":"Accueil","item":"https:\/\/www.david-baghdasaryan.com\/"},{"@type":"ListItem","position":2,"name":"Journal"}]},{"@type":"WebSite","@id":"https:\/\/www.david-baghdasaryan.com\/#website","url":"https:\/\/www.david-baghdasaryan.com\/","name":"David Baghdasaryan \u2013 Photographe portraitiste","description":"David Baghdasaryan - Photographe portrait &amp; Nu artistique","publisher":{"@id":"https:\/\/www.david-baghdasaryan.com\/#\/schema\/person\/fa1f5e33b2215adcbbc159dbd9f7b2a4"},"alternateName":"Photographe portraitiste","potentialAction":[{"@type":"SearchAction","target":{"@type":"EntryPoint","urlTemplate":"https:\/\/www.david-baghdasaryan.com\/?s={search_term_string}"},"query-input":{"@type":"PropertyValueSpecification","valueRequired":true,"valueName":"search_term_string"}}],"inLanguage":"en-GB"},{"@type":["Person","Organization"],"@id":"https:\/\/www.david-baghdasaryan.com\/#\/schema\/person\/fa1f5e33b2215adcbbc159dbd9f7b2a4","name":"David Baghdasaryan","image":{"@type":"ImageObject","inLanguage":"en-GB","@id":"https:\/\/www.david-baghdasaryan.com\/#\/schema\/person\/image\/","url":"https:\/\/secure.gravatar.com\/avatar\/92bf917cf0defd5d49bf798cebb3cc362c83e5f0d59bc15c848062171ce15912?s=96&d=mm&r=g","contentUrl":"https:\/\/secure.gravatar.com\/avatar\/92bf917cf0defd5d49bf798cebb3cc362c83e5f0d59bc15c848062171ce15912?s=96&d=mm&r=g","caption":"David Baghdasaryan"},"logo":{"@id":"https:\/\/www.david-baghdasaryan.com\/#\/schema\/person\/image\/"},"sameAs":["https:\/\/www.facebook.com\/david.baghdasar","http:\/\/localhost:8888\/portfolio_david_baghdasaryan\/contact\/#","https:\/\/www.linkedin.com\/in\/david-baghdasaryan-ab36501b1\/"]}]}},"_links":{"self":[{"href":"https:\/\/www.david-baghdasaryan.com\/en\/wp-json\/wp\/v2\/pages\/500","targetHints":{"allow":["GET"]}}],"collection":[{"href":"https:\/\/www.david-baghdasaryan.com\/en\/wp-json\/wp\/v2\/pages"}],"about":[{"href":"https:\/\/www.david-baghdasaryan.com\/en\/wp-json\/wp\/v2\/types\/page"}],"author":[{"embeddable":true,"href":"https:\/\/www.david-baghdasaryan.com\/en\/wp-json\/wp\/v2\/users\/1"}],"replies":[{"embeddable":true,"href":"https:\/\/www.david-baghdasaryan.com\/en\/wp-json\/wp\/v2\/comments?post=500"}],"version-history":[{"count":244,"href":"https:\/\/www.david-baghdasaryan.com\/en\/wp-json\/wp\/v2\/pages\/500\/revisions"}],"predecessor-version":[{"id":4942,"href":"https:\/\/www.david-baghdasaryan.com\/en\/wp-json\/wp\/v2\/pages\/500\/revisions\/4942"}],"wp:attachment":[{"href":"https:\/\/www.david-baghdasaryan.com\/en\/wp-json\/wp\/v2\/media?parent=500"}],"curies":[{"name":"wp","href":"https:\/\/api.w.org\/{rel}","templated":true}]}}